{"id":243,"date":"2018-03-20T22:56:48","date_gmt":"2018-03-20T22:56:48","guid":{"rendered":"https:\/\/www.wayraperu.com\/?page_id=243"},"modified":"2021-08-03T05:12:51","modified_gmt":"2021-08-03T05:12:51","slug":"productos-y-tecnicas","status":"publish","type":"page","link":"https:\/\/www.wayraperu.com\/es\/es-2\/productos-y-tecnicas\/","title":{"rendered":"Productos y T\u00e9cnicas"},"content":{"rendered":"\n[et_pb_section fb_built=&#8221;1&#8243; fullwidth=&#8221;on&#8221; _builder_version=&#8221;3.0.105&#8243; animation_style=&#8221;slide&#8221; animation_direction=&#8221;top&#8221; animation_intensity_slide=&#8221;2%&#8221; animation_starting_opacity=&#8221;100%&#8221;][et_pb_fullwidth_header title=&#8221;Productos y t\u00e9cnicas&#8221; content_max_width=&#8221;800px&#8221; _builder_version=&#8221;3.16&#8243; title_level=&#8221;h2&#8243; title_font=&#8221;Nunito Sans|||on|||||&#8221; title_text_align=&#8221;left&#8221; title_font_size=&#8221;52px&#8221; title_letter_spacing=&#8221;14px&#8221; title_line_height=&#8221;1.8em&#8221; content_font_size=&#8221;20px&#8221; content_line_height=&#8221;1.8em&#8221; background_color=&#8221;rgba(255, 255, 255, 0)&#8221; use_background_color_gradient=&#8221;on&#8221; background_color_gradient_start=&#8221;rgba(0,0,0,0.75)&#8221; background_color_gradient_end=&#8221;rgba(0,0,0,0)&#8221; background_color_gradient_direction=&#8221;90deg&#8221; background_color_gradient_overlays_image=&#8221;on&#8221; background_image=&#8221;https:\/\/www.wayraperu.com\/wp-content\/uploads\/2018\/03\/galeria6.jpg&#8221; custom_button_two=&#8221;on&#8221; button_two_text_size=&#8221;18px&#8221; button_two_text_color=&#8221;#353740&#8243; button_two_bg_color=&#8221;#ffffff&#8221; button_two_border_width=&#8221;8px&#8221; button_two_border_color=&#8221;#ffffff&#8221; button_two_border_radius=&#8221;0px&#8221; button_two_letter_spacing=&#8221;1px&#8221; button_two_font=&#8221;Lato|700|||||||&#8221; button_two_use_icon=&#8221;off&#8221; custom_button_one=&#8221;on&#8221; button_one_text_size=&#8221;18px&#8221; button_one_bg_color=&#8221;#02d002&#8243; button_one_border_width=&#8221;8px&#8221; button_one_border_color=&#8221;#02d002&#8243; button_one_border_radius=&#8221;0px&#8221; button_one_letter_spacing=&#8221;1px&#8221; button_one_font=&#8221;Lato|700|||||||&#8221; button_one_use_icon=&#8221;off&#8221; custom_margin=&#8221;|||&#8221; custom_padding=&#8221;8%||8%|&#8221; button_one_letter_spacing_hover=&#8221;1px&#8221; button_two_letter_spacing_hover=&#8221;1px&#8221; locked=&#8221;off&#8221; button_one_text_size__hover_enabled=&#8221;off&#8221; button_two_text_size__hover_enabled=&#8221;off&#8221; button_one_text_color__hover_enabled=&#8221;off&#8221; button_two_text_color__hover_enabled=&#8221;off&#8221; button_one_border_width__hover_enabled=&#8221;off&#8221; button_two_border_width__hover_enabled=&#8221;off&#8221; button_one_border_color__hover_enabled=&#8221;off&#8221; button_two_border_color__hover_enabled=&#8221;off&#8221; button_one_border_radius__hover_enabled=&#8221;off&#8221; button_two_border_radius__hover_enabled=&#8221;off&#8221; button_one_letter_spacing__hover_enabled=&#8221;on&#8221; button_one_letter_spacing__hover=&#8221;1px&#8221; button_two_letter_spacing__hover_enabled=&#8221;on&#8221; button_two_letter_spacing__hover=&#8221;1px&#8221; button_one_bg_color__hover_enabled=&#8221;off&#8221; button_two_bg_color__hover_enabled=&#8221;off&#8221;]\u00a0\r[\/et_pb_fullwidth_header][\/et_pb_section][et_pb_section fb_built=&#8221;1&#8243; _builder_version=&#8221;3.0.106&#8243; custom_padding=&#8221;54px|0px|0|0px&#8221;][et_pb_row _builder_version=&#8221;3.0.106&#8243;][et_pb_column type=&#8221;1_2&#8243; _builder_version=&#8221;3.0.47&#8243; parallax=&#8221;off&#8221; parallax_method=&#8221;on&#8221;][et_pb_text _builder_version=&#8221;3.0.106&#8243; inline_fonts=&#8221;Nunito&#8221;]<p><span style=\"color: #66574c; font-family: Nunito Sans; font-weight: normal;\">Nuestra empresa elabora sus productos con sumo cuidado, con la mayor atenci\u00f3n al m\u00e1s m\u00ednimo detalle, para satisfacci\u00f3n de sus clientes. Nuestros artesanos emplean t\u00e9cnicas ancestrales, que se han transmitido de generaci\u00f3n en generaci\u00f3n, que siguen el ritmo de los avances tecnol\u00f3gicos.<\/span><\/p>\n<p><span style=\"color: #66574c; font-family: Nunito Sans; font-weight: normal;\">Nos especializamos en la producci\u00f3n personalizada y de marca de textiles hechos a mano hechos en base a fibras naturales y lujosas, como lana de alpaca, algod\u00f3n, lana y otras mezclas peruanas. <\/span><\/p>\n<p><span style=\"color: #66574c; font-family: Nunito Sans; font-weight: normal;\"><strong>Producimos decoraci\u00f3n para el hogar:<\/strong> colchas, mantas, almohadas, fundas y alfombras. <\/span><\/p>\n<p><span style=\"color: #66574c; font-family: Nunito Sans; font-weight: normal;\"><strong>Prendas de vestir y accesorios:<\/strong> chompas, bufandas, chales, capas, ponchos, guantes, mitones y sombreros.<\/span><\/p>\n<p><span style=\"font-family: Nunito Sans;\">\u00a0<\/span><\/p>\n<h2><span style=\"font-family: Nunito; font-weight: normal;\"><strong>Hecho a mano<\/strong><\/span><\/h2>\n<p><span style=\"font-family: Nunito; font-weight: normal;\">Desde siempre, el tejido ha sido vital para la supervivencia humana, y es posible gracias a la inspiraci\u00f3n y talento de artesanos y artistas. A lo largo de siglos, las creaciones salidas de las manos de estos esforzados magos del hilo nos han permitido cubrirnos de las inclemencias del clima y los elementos y han llegado a ser imprescindibles para nuestra comodidad y nuestra vida diaria.<\/span><\/p>\n<p>&nbsp;<\/p>\n<h2><span style=\"font-family: Nunito Sans;\"><strong>Tejido industrial<\/strong><\/span><\/h2>\n<p><span lang=\"ES-PE\" style=\"font-family: Nunito Sans;\">Con los avances en la tecnolog\u00eda, el tejido artesanal a nivel familiar tuvo que evolucionar pues ya no bastaba tejer para un grupo reducido de personas, sino a nivel masivo. As\u00ed surgieron los textiles industriales, que segu\u00edan procurando abrigo y comodidad a las personas, pero ahora con el valor agregado del dise\u00f1o como uno de sus principales atractivos.<\/span><\/p>[\/et_pb_text][\/et_pb_column][et_pb_column type=&#8221;1_2&#8243; _builder_version=&#8221;3.0.47&#8243; parallax=&#8221;off&#8221; parallax_method=&#8221;on&#8221;][et_pb_image src=&#8221;https:\/\/www.wayraperu.com\/wp-content\/uploads\/2018\/03\/galeria2.jpg&#8221; _builder_version=&#8221;3.0.106&#8243;]\u00a0\r[\/et_pb_image][\/et_pb_column][\/et_pb_row][\/et_pb_section][et_pb_section fb_built=&#8221;1&#8243; _builder_version=&#8221;3.0.105&#8243; custom_padding=&#8221;0|0px|100px|0px&#8221;][et_pb_row _builder_version=&#8221;3.0.105&#8243;][et_pb_column type=&#8221;1_3&#8243; _builder_version=&#8221;3.0.47&#8243; parallax=&#8221;off&#8221; parallax_method=&#8221;on&#8221;][et_pb_image src=&#8221;https:\/\/www.wayraperu.com\/wp-content\/uploads\/2018\/03\/telar-artesanal.jpg&#8221; force_fullwidth=&#8221;on&#8221; _builder_version=&#8221;3.0.106&#8243;]\u00a0\r[\/et_pb_image][et_pb_text _builder_version=&#8221;3.3.1&#8243; text_font=&#8221;Nunito Sans||||||||&#8221; inline_fonts=&#8221;Nunito Sans&#8221;]<div title=\"Page 3\" class=\"page\">\r\n<div class=\"section\">\r\n<div class=\"layoutArea\">\r\n<div class=\"column\">\r\n<h3><span style=\"font-family: Nunito Sans;\"><strong>Telar artesanal<\/strong><\/span><\/h3>\r\n<\/div>\r\n<\/div>\r\n<\/div>\r\n<\/div>\r\n<p><span style=\"color: #66574c;\">Luego de separar los hilos, tensar y recoger la urdimbre, se monta el telar y se empieza el proceso de tejido, que consiste en cruzar los hilos horizontales de la trama con los verticales de la urdimbre.<\/span><\/p>\r\n<div title=\"Page 3\" class=\"page\">\r\n<div class=\"section\">\r\n<div class=\"layoutArea\">\r\n<div class=\"column\"><\/div>\r\n<\/div>\r\n<\/div>\r\n<\/div>[\/et_pb_text][\/et_pb_column][et_pb_column type=&#8221;1_3&#8243; _builder_version=&#8221;3.0.47&#8243; parallax=&#8221;off&#8221; parallax_method=&#8221;on&#8221;][et_pb_image src=&#8221;https:\/\/www.wayraperu.com\/wp-content\/uploads\/2018\/03\/palito2.jpg&#8221; force_fullwidth=&#8221;on&#8221; _builder_version=&#8221;3.0.106&#8243;]\u00a0\r[\/et_pb_image][et_pb_text _builder_version=&#8221;3.3.1&#8243; text_font=&#8221;Nunito Sans||||||||&#8221; inline_fonts=&#8221;Nunito Sans&#8221;]<div title=\"Page 3\" class=\"page\">\r\n<div class=\"section\">\r\n<div class=\"layoutArea\">\r\n<div class=\"column\">\r\n<h3><span style=\"font-family: Nunito Sans;\"><strong>Tejido a palito<\/strong><\/span><\/h3>\r\n<\/div>\r\n<\/div>\r\n<\/div>\r\n<\/div>\r\n<p><span style=\"color: #66574c;\">Contamos con tejedoras expertas en diferentes t\u00e9cnicas, cuyo trabajo consiste en entrelazar hilos, punto a punto, hasta lograr un producto acabado de primera calidad.<\/span><\/p>[\/et_pb_text][\/et_pb_column][et_pb_column type=&#8221;1_3&#8243; _builder_version=&#8221;3.0.47&#8243; parallax=&#8221;off&#8221; parallax_method=&#8221;on&#8221;][et_pb_image src=&#8221;https:\/\/www.wayraperu.com\/wp-content\/uploads\/2018\/03\/palito.jpg&#8221; force_fullwidth=&#8221;on&#8221; _builder_version=&#8221;3.0.106&#8243;]\u00a0\r[\/et_pb_image][et_pb_text _builder_version=&#8221;3.3.1&#8243; text_font=&#8221;Nunito Sans||||||||&#8221; inline_fonts=&#8221;Nunito Sans&#8221;]<div title=\"Page 3\" class=\"page\">\r\n<div class=\"section\">\r\n<div class=\"layoutArea\">\r\n<div class=\"column\">\r\n<h3><span style=\"font-family: Nunito Sans;\"><strong>Tejido a crochet<\/strong><\/span><\/h3>\r\n<\/div>\r\n<\/div>\r\n<\/div>\r\n<\/div>\r\n<p><span style=\"color: #66574c;\">Contamos con tejedoras expertas en el arte de entrelazar una o varios hilos con una aguja en forma de garfio que crean una multitud de formas y colores.<\/span><\/p>[\/et_pb_text][\/et_pb_column][\/et_pb_row][et_pb_row _builder_version=&#8221;3.0.105&#8243;][et_pb_column type=&#8221;1_3&#8243; _builder_version=&#8221;3.0.47&#8243; parallax=&#8221;off&#8221; parallax_method=&#8221;on&#8221;][et_pb_image src=&#8221;https:\/\/www.wayraperu.com\/wp-content\/uploads\/2018\/04\/maquina-manual.jpg&#8221; force_fullwidth=&#8221;on&#8221; _builder_version=&#8221;3.0.106&#8243;]\u00a0\r[\/et_pb_image][et_pb_text _builder_version=&#8221;3.3.1&#8243; text_font=&#8221;Nunito Sans||||||||&#8221; inline_fonts=&#8221;Nunito Sans&#8221;]<h3><span style=\"font-family: Nunito Sans;\"><strong>M\u00e1quina de tejer manual<\/strong><\/span><\/h3>\r\n<p><span>Con la ayuda de una m\u00e1quina de tejer, nuestras expertas tejedoras pasan el carro una y otra vez y van creando maravillosos dise\u00f1os fila a fila.<\/span><\/p>[\/et_pb_text][\/et_pb_column][et_pb_column type=&#8221;1_3&#8243; _builder_version=&#8221;3.0.47&#8243; parallax=&#8221;off&#8221; parallax_method=&#8221;on&#8221;][et_pb_image src=&#8221;https:\/\/www.wayraperu.com\/wp-content\/uploads\/2018\/04\/flat-knitted.jpg&#8221; force_fullwidth=&#8221;on&#8221; _builder_version=&#8221;3.0.106&#8243;]\u00a0\r[\/et_pb_image][et_pb_text _builder_version=&#8221;3.0.105&#8243; inline_fonts=&#8221;Nunito Sans&#8221;]<div title=\"Page 3\" class=\"page\">\r\n<div class=\"section\">\r\n<div class=\"layoutArea\">\r\n<div class=\"column\">\r\n<h3><span style=\"font-family: Nunito Sans;\"><strong>Tejido plano<\/strong><\/span><\/h3>\r\n<\/div>\r\n<\/div>\r\n<\/div>\r\n<\/div>\r\n<div>\r\n<div><span style=\"font-family: Nunito Sans;\">Es como el telar manual con hilos en urdimbre y trama, pero a las telas se les puede dar m\u00e1s acabados con procesos de lavado, suavizado, decatizado y perchado que dejan la tela con m\u00e1s cuerpo y suavidad. En todo el proceso alguien maneja la m\u00e1quina y muchos acabados finales se hacen a mano, como corte de tela, zurcido, corte de flecos.<\/span><\/div>\r\n<\/div>\r\n<p><span style=\"color: #66574c;\"><\/span><\/p>\r\n<p><span style=\"color: #66574c;\"><\/span><\/p>\r\n<div title=\"Page 3\" class=\"page\">\r\n<div class=\"section\">\r\n<div class=\"layoutArea\">\r\n<div class=\"column\"><\/div>\r\n<\/div>\r\n<\/div>\r\n<\/div>[\/et_pb_text][\/et_pb_column][et_pb_column type=&#8221;1_3&#8243; _builder_version=&#8221;3.0.47&#8243; parallax=&#8221;off&#8221; parallax_method=&#8221;on&#8221;][et_pb_image src=&#8221;https:\/\/www.wayraperu.com\/wp-content\/uploads\/2018\/04\/knitted-fabric.jpg&#8221; _builder_version=&#8221;3.0.106&#8243;][\/et_pb_image][et_pb_text _builder_version=&#8221;3.0.105&#8243; inline_fonts=&#8221;Nunito Sans&#8221;]<div title=\"Page 3\" class=\"page\">\n<div class=\"section\">\n<div class=\"layoutArea\">\n<div class=\"column\">\n<h3><span style=\"font-family: Nunito Sans; font-weight: normal;\"><strong>Tejido de punto<\/strong><\/span><\/h3>\n<\/div>\n<\/div>\n<\/div>\n<\/div>\n<p><span style=\"font-family: Nunito Sans; font-weight: normal;\">Tambi\u00e9n consiste en entrelazando bucles de hilos de manera horizontal y vertical con la ayuda de un conjunto de agujas. Los tejidos dejan un rastro en forma de V.<\/span><\/p>[\/et_pb_text][\/et_pb_column][\/et_pb_row][\/et_pb_section]\n","protected":false},"excerpt":{"rendered":"","protected":false},"author":1,"featured_media":0,"parent":221,"menu_order":3,"comment_status":"closed","ping_status":"closed","template":"","meta":{"_et_pb_use_builder":"on","_et_pb_old_content":"<p>Nuestra empresa elabora sus productos con sumo cuidado, con la mayor atenci\u00f3n al m\u00e1s m\u00ednimo detalle, para satisfacci\u00f3n de sus clientes. Nuestros artesanos emplean t\u00e9cnicas ancestrales, que se han transmitido de generaci\u00f3n en generaci\u00f3n, que siguen el ritmo de los avances tecnol\u00f3gicos.<\/p>","_et_gb_content_width":"","jetpack_post_was_ever_published":false},"jetpack_sharing_enabled":true,"jetpack_shortlink":"https:\/\/wp.me\/P9FWlY-3V","_links":{"self":[{"href":"https:\/\/www.wayraperu.com\/es\/wp-json\/wp\/v2\/pages\/243"}],"collection":[{"href":"https:\/\/www.wayraperu.com\/es\/wp-json\/wp\/v2\/pages"}],"about":[{"href":"https:\/\/www.wayraperu.com\/es\/wp-json\/wp\/v2\/types\/page"}],"author":[{"embeddable":true,"href":"https:\/\/www.wayraperu.com\/es\/wp-json\/wp\/v2\/users\/1"}],"replies":[{"embeddable":true,"href":"https:\/\/www.wayraperu.com\/es\/wp-json\/wp\/v2\/comments?post=243"}],"version-history":[{"count":41,"href":"https:\/\/www.wayraperu.com\/es\/wp-json\/wp\/v2\/pages\/243\/revisions"}],"predecessor-version":[{"id":1525,"href":"https:\/\/www.wayraperu.com\/es\/wp-json\/wp\/v2\/pages\/243\/revisions\/1525"}],"up":[{"embeddable":true,"href":"https:\/\/www.wayraperu.com\/es\/wp-json\/wp\/v2\/pages\/221"}],"wp:attachment":[{"href":"https:\/\/www.wayraperu.com\/es\/wp-json\/wp\/v2\/media?parent=243"}],"curies":[{"name":"wp","href":"https:\/\/api.w.org\/{rel}","templated":true}]}}