{"id":248,"date":"2018-03-20T23:15:40","date_gmt":"2018-03-20T23:15:40","guid":{"rendered":"https:\/\/www.wayraperu.com\/?page_id=248"},"modified":"2021-08-03T05:13:47","modified_gmt":"2021-08-03T05:13:47","slug":"capacidad","status":"publish","type":"page","link":"https:\/\/www.wayraperu.com\/es\/es-2\/capacidad\/","title":{"rendered":"Capacidad"},"content":{"rendered":"\n[et_pb_section fb_built=&#8221;1&#8243; fullwidth=&#8221;on&#8221; _builder_version=&#8221;3.0.105&#8243; animation_style=&#8221;slide&#8221; animation_direction=&#8221;top&#8221; animation_intensity_slide=&#8221;2%&#8221; animation_starting_opacity=&#8221;100%&#8221;][et_pb_fullwidth_header title=&#8221;Capacidad&#8221; subhead=&#8221;\u201cTr\u00e1enos tu dise\u00f1o y haremos realidad cualquier deseo\u201d&#8221; content_max_width=&#8221;800px&#8221; _builder_version=&#8221;3.3.1&#8243; title_level=&#8221;h2&#8243; title_font=&#8221;Nunito Sans|||on|||||&#8221; title_text_align=&#8221;left&#8221; title_font_size=&#8221;52px&#8221; title_letter_spacing=&#8221;14px&#8221; title_line_height=&#8221;1.8em&#8221; content_font=&#8221;||||||||&#8221; content_font_size=&#8221;32px&#8221; content_line_height=&#8221;1.8em&#8221; subhead_font=&#8221;Nunito Sans||||||||&#8221; subhead_font_size=&#8221;26px&#8221; background_color=&#8221;rgba(255, 255, 255, 0)&#8221; use_background_color_gradient=&#8221;on&#8221; background_color_gradient_start=&#8221;rgba(0,0,0,0.75)&#8221; background_color_gradient_end=&#8221;rgba(0,0,0,0)&#8221; background_color_gradient_direction=&#8221;90deg&#8221; background_color_gradient_overlays_image=&#8221;on&#8221; background_image=&#8221;https:\/\/www.wayraperu.com\/wp-content\/uploads\/2018\/04\/DSC_0072.jpg&#8221; custom_button_two=&#8221;on&#8221; button_two_text_size=&#8221;18px&#8221; button_two_text_color=&#8221;#353740&#8243; button_two_bg_color=&#8221;#ffffff&#8221; button_two_border_width=&#8221;8px&#8221; button_two_border_color=&#8221;#ffffff&#8221; button_two_border_radius=&#8221;0px&#8221; button_two_letter_spacing=&#8221;1px&#8221; button_two_font=&#8221;Lato|700|||||||&#8221; button_two_use_icon=&#8221;off&#8221; button_two_letter_spacing_hover=&#8221;1px&#8221; custom_button_one=&#8221;on&#8221; button_one_text_size=&#8221;18px&#8221; button_one_bg_color=&#8221;#02d002&#8243; button_one_border_width=&#8221;8px&#8221; button_one_border_color=&#8221;#02d002&#8243; button_one_border_radius=&#8221;0px&#8221; button_one_letter_spacing=&#8221;1px&#8221; button_one_font=&#8221;Lato|700|||||||&#8221; button_one_use_icon=&#8221;off&#8221; button_one_letter_spacing_hover=&#8221;1px&#8221; custom_margin=&#8221;|||&#8221; custom_padding=&#8221;8%||8%|&#8221; locked=&#8221;off&#8221;]\u00a0\r[\/et_pb_fullwidth_header][\/et_pb_section][et_pb_section fb_built=&#8221;1&#8243; _builder_version=&#8221;3.0.47&#8243;][et_pb_row custom_padding=&#8221;27px|0px|27px|0px&#8221; _builder_version=&#8221;3.0.106&#8243;][et_pb_column type=&#8221;4_4&#8243; _builder_version=&#8221;3.0.106&#8243; parallax=&#8221;off&#8221; parallax_method=&#8221;on&#8221;][et_pb_text _builder_version=&#8221;3.0.106&#8243; inline_fonts=&#8221;Nunito Sans&#8221;]<p><span lang=\"ES-PE\"><span style=\"font-family: Nunito Sans;\">Producimos art\u00edculos personalizados y privados para las marcas y dise\u00f1adores m\u00e1s exclusivos del mundo.<\/span><o:p><\/o:p><\/span><\/p>[\/et_pb_text][\/et_pb_column][\/et_pb_row][et_pb_row custom_padding=&#8221;27px|0px|27px|0px&#8221; _builder_version=&#8221;3.0.47&#8243; background_size=&#8221;initial&#8221; background_position=&#8221;top_left&#8221; background_repeat=&#8221;repeat&#8221;][et_pb_column type=&#8221;1_2&#8243; _builder_version=&#8221;3.0.47&#8243; parallax=&#8221;off&#8221; parallax_method=&#8221;on&#8221;][et_pb_text _builder_version=&#8221;3.0.105&#8243; inline_fonts=&#8221;Nunito Sans&#8221;]<h3><span style=\"font-family: Nunito Sans;\"><strong><span lang=\"ES-PE\">Capacidad\/producto anual:<\/span><\/strong><\/span><\/h3>\r\n<ul>\r\n<li>\r\n<p><span style=\"font-family: Nunito Sans;\">Manta de tejido industrial (regular y jacquard): 80 000 unidades<\/span><\/p>\r\n<\/li>\r\n<li>\r\n<p><span style=\"font-family: Nunito Sans;\">Bufandas y chales de tejido: 24 000 unidades<\/span><\/p>\r\n<\/li>\r\n<li>\r\n<p><span style=\"font-family: Nunito Sans;\">Mantas de tejido industrial: 12 000 unidades.<\/span><\/p>\r\n<\/li>\r\n<li>\r\n<p><span style=\"font-family: Nunito Sans;\">Productos tejidos a mano: 8 000 unidades.<\/span><\/p>\r\n<\/li>\r\n<li>\r\n<p><span style=\"font-family: Nunito Sans;\">Paneles de telar a mano: 10 000 unidades.\u00a0<\/span><\/p>\r\n<\/li>\r\n<li>\r\n<p><span style=\"font-family: Nunito Sans;\">Paneles\/almohadas de telar a mano: 36 000 unidades.<\/span><\/p>\r\n<\/li>\r\n<li>\r\n<p><span style=\"font-family: Nunito Sans;\">Chompas\/prendas tejidas a mano: 12 000 unidades.<\/span><\/p>\r\n<\/li>\r\n<li>\r\n<p><span style=\"font-family: Nunito Sans;\">Productos de tejido industrial (tecnolog\u00eda Shima): 20 000 unidades. <\/span><br \/><span style=\"font-family: Nunito Sans;\">(GG: 12, 7 &amp; 3)<\/span><\/p>\r\n<\/li>\r\n<li>\r\n<p><span style=\"font-family: Nunito Sans;\">Alfombras 9 x 12 ft (2.74 x 3.65 m): 120 unidades<\/span><\/p>\r\n<\/li>\r\n<\/ul>[\/et_pb_text][\/et_pb_column][et_pb_column type=&#8221;1_2&#8243; _builder_version=&#8221;3.0.47&#8243; parallax=&#8221;off&#8221; parallax_method=&#8221;on&#8221;][et_pb_text _builder_version=&#8221;3.0.106&#8243; inline_fonts=&#8221;Nunito Sans&#8221;]<h3><span style=\"font-family: Nunito Sans;\"><strong><span lang=\"ES-PE\">Plazo de la producci\u00f3n<\/span><\/strong><\/span><\/h3>\r\n<ul>\r\n<li><span style=\"font-family: Nunito Sans;\"><span lang=\"ES-PE\">60-120 d\u00edas <sup>1<\/sup><\/span><span lang=\"ES-PE\"><\/span><\/span><\/li>\r\n<\/ul>\r\n<h3><span style=\"font-family: Nunito Sans;\"><strong><span lang=\"ES-PE\">Plazo de las muestras:<\/span><\/strong><\/span><\/h3>\r\n<ul>\r\n<li><span style=\"font-family: Nunito Sans;\"><span lang=\"ES-PE\">3 semanas &#8211; 45 d\u00edas <sup>1<\/sup><\/span><span lang=\"ES-PE\"><\/span><\/span><\/li>\r\n<\/ul>\r\n<h3><span style=\"font-family: Nunito Sans;\"><span lang=\"ES-PE\"><o:p><\/o:p><\/span><strong><span lang=\"ES-PE\">Maquinaria:<\/span><\/strong><\/span><\/h3>\r\n<ul>\r\n<li><span style=\"font-family: Nunito Sans;\">Telar irndustrial: regular 275 cm y jacquard 130 cm.<span lang=\"ES-PE\"> <sup>2<\/sup><\/span><\/span><\/li>\r\n<li><span style=\"font-family: Nunito Sans;\">M\u00e1quina telar a mano \/ varilla ancho 40-50 cm\/ jersey ancho 75 cm max.<span lang=\"ES-PE\"> <sup>2<\/sup><\/span><\/span><\/li>\r\n<li><span style=\"font-family: Nunito Sans;\">Telares a mano \/ ancho m\u00e1ximo 275 cm<\/span><\/li>\r\n<li><span style=\"font-family: Nunito Sans;\">Telar de tejido industrial \/ ancho 130 cm<\/span><\/li>\r\n<\/ul>\r\n<blockquote><\/blockquote>[\/et_pb_text][\/et_pb_column][\/et_pb_row][et_pb_row custom_padding=&#8221;27px|0px|27px|0px&#8221; _builder_version=&#8221;3.0.106&#8243;][et_pb_column type=&#8221;4_4&#8243; _builder_version=&#8221;3.0.106&#8243; parallax=&#8221;off&#8221; parallax_method=&#8221;on&#8221;][et_pb_text _builder_version=&#8221;3.0.106&#8243; custom_css_main_element=&#8221;font-size: 0.75em;||line-height: 1em;||margin-bottom: 0;&#8221; inline_fonts=&#8221;Nunito Sans&#8221;]<ol>\r\n<li><span lang=\"ES-PE\" style=\"font-family: Nunito Sans;\">Depende del tipo de producto y la disponibilidad del hilo.<\/span><\/li>\r\n<li><span lang=\"ES-PE\" style=\"font-family: Nunito Sans;\">Depende del tipo de puntada a usar<\/span><\/li>\r\n<\/ol>[\/et_pb_text][\/et_pb_column][\/et_pb_row][\/et_pb_section]\n","protected":false},"excerpt":{"rendered":"","protected":false},"author":1,"featured_media":0,"parent":221,"menu_order":4,"comment_status":"closed","ping_status":"closed","template":"","meta":{"_et_pb_use_builder":"on","_et_pb_old_content":"","_et_gb_content_width":"","jetpack_post_was_ever_published":false},"jetpack_sharing_enabled":true,"jetpack_shortlink":"https:\/\/wp.me\/P9FWlY-40","_links":{"self":[{"href":"https:\/\/www.wayraperu.com\/es\/wp-json\/wp\/v2\/pages\/248"}],"collection":[{"href":"https:\/\/www.wayraperu.com\/es\/wp-json\/wp\/v2\/pages"}],"about":[{"href":"https:\/\/www.wayraperu.com\/es\/wp-json\/wp\/v2\/types\/page"}],"author":[{"embeddable":true,"href":"https:\/\/www.wayraperu.com\/es\/wp-json\/wp\/v2\/users\/1"}],"replies":[{"embeddable":true,"href":"https:\/\/www.wayraperu.com\/es\/wp-json\/wp\/v2\/comments?post=248"}],"version-history":[{"count":10,"href":"https:\/\/www.wayraperu.com\/es\/wp-json\/wp\/v2\/pages\/248\/revisions"}],"predecessor-version":[{"id":1526,"href":"https:\/\/www.wayraperu.com\/es\/wp-json\/wp\/v2\/pages\/248\/revisions\/1526"}],"up":[{"embeddable":true,"href":"https:\/\/www.wayraperu.com\/es\/wp-json\/wp\/v2\/pages\/221"}],"wp:attachment":[{"href":"https:\/\/www.wayraperu.com\/es\/wp-json\/wp\/v2\/media?parent=248"}],"curies":[{"name":"wp","href":"https:\/\/api.w.org\/{rel}","templated":true}]}}