{"id":252,"date":"2018-03-20T23:18:48","date_gmt":"2018-03-20T23:18:48","guid":{"rendered":"https:\/\/www.wayraperu.com\/?page_id=252"},"modified":"2025-11-25T14:13:34","modified_gmt":"2025-11-25T14:13:34","slug":"servicios","status":"publish","type":"page","link":"https:\/\/www.wayraperu.com\/es\/es-2\/servicios\/","title":{"rendered":"Servicios"},"content":{"rendered":"<p>[et_pb_section fb_built=&#8221;1&#8243; fullwidth=&#8221;on&#8221; disabled_on=&#8221;off|off|off&#8221; admin_label=&#8221;ascasc&#8221; _builder_version=&#8221;3.22&#8243; animation_style=&#8221;slide&#8221; animation_direction=&#8221;top&#8221; animation_intensity_slide=&#8221;2%&#8221; animation_starting_opacity=&#8221;100%&#8221; hover_enabled=&#8221;0&#8243;][et_pb_fullwidth_header title=&#8221;Servicios&#8221; content_max_width=&#8221;800px&#8221; _builder_version=&#8221;3.16&#8243; title_level=&#8221;h2&#8243; title_font=&#8221;Nunito Sans|||on|||||&#8221; title_font_size=&#8221;52px&#8221; title_letter_spacing=&#8221;14px&#8221; title_line_height=&#8221;1.8em&#8221; content_font_size=&#8221;20px&#8221; content_line_height=&#8221;1.8em&#8221; background_color=&#8221;rgba(255, 255, 255, 0)&#8221; use_background_color_gradient=&#8221;on&#8221; background_color_gradient_start=&#8221;rgba(0,0,0,0.75)&#8221; background_color_gradient_end=&#8221;rgba(0,0,0,0)&#8221; background_color_gradient_direction=&#8221;90deg&#8221; background_color_gradient_overlays_image=&#8221;on&#8221; background_image=&#8221;https:\/\/www.wayraperu.com\/wp-content\/uploads\/2018\/03\/IMG_4458-2048.jpg&#8221; custom_button_one=&#8221;on&#8221; button_one_text_size=&#8221;18px&#8221; button_one_bg_color=&#8221;#02d002&#8243; button_one_border_width=&#8221;8px&#8221; button_one_border_color=&#8221;#02d002&#8243; button_one_border_radius=&#8221;0px&#8221; button_one_letter_spacing=&#8221;1px&#8221; button_one_font=&#8221;Lato|700|||||||&#8221; button_one_use_icon=&#8221;off&#8221; custom_button_two=&#8221;on&#8221; button_two_text_size=&#8221;18px&#8221; button_two_text_color=&#8221;#353740&#8243; button_two_bg_color=&#8221;#ffffff&#8221; button_two_border_width=&#8221;8px&#8221; button_two_border_color=&#8221;#ffffff&#8221; button_two_border_radius=&#8221;0px&#8221; button_two_letter_spacing=&#8221;1px&#8221; button_two_font=&#8221;Lato|700|||||||&#8221; button_two_use_icon=&#8221;off&#8221; custom_margin=&#8221;|||&#8221; custom_padding=&#8221;8%||8%|&#8221; button_one_letter_spacing_hover=&#8221;1px&#8221; button_two_letter_spacing_hover=&#8221;1px&#8221; locked=&#8221;off&#8221; button_one_text_size__hover_enabled=&#8221;off&#8221; button_two_text_size__hover_enabled=&#8221;off&#8221; button_one_text_color__hover_enabled=&#8221;off&#8221; button_two_text_color__hover_enabled=&#8221;off&#8221; button_one_border_width__hover_enabled=&#8221;off&#8221; button_two_border_width__hover_enabled=&#8221;off&#8221; button_one_border_color__hover_enabled=&#8221;off&#8221; button_two_border_color__hover_enabled=&#8221;off&#8221; button_one_border_radius__hover_enabled=&#8221;off&#8221; button_two_border_radius__hover_enabled=&#8221;off&#8221; button_one_letter_spacing__hover_enabled=&#8221;on&#8221; button_one_letter_spacing__hover=&#8221;1px&#8221; button_two_letter_spacing__hover_enabled=&#8221;on&#8221; button_two_letter_spacing__hover=&#8221;1px&#8221; button_one_bg_color__hover_enabled=&#8221;off&#8221; button_two_bg_color__hover_enabled=&#8221;off&#8221;][\/et_pb_fullwidth_header][\/et_pb_section][et_pb_section fb_built=&#8221;1&#8243; _builder_version=&#8221;3.22&#8243; custom_padding=&#8221;54px|0px|0|0px&#8221;][et_pb_row _builder_version=&#8221;3.25&#8243; background_size=&#8221;initial&#8221; background_position=&#8221;top_left&#8221; background_repeat=&#8221;repeat&#8221; column_structure=&#8221;1_2,1_2&#8243;][et_pb_column type=&#8221;1_2&#8243; _builder_version=&#8221;3.25&#8243; custom_padding=&#8221;|||&#8221; custom_padding__hover=&#8221;|||&#8221;][et_pb_text _builder_version=&#8221;3.27.4&#8243; inline_fonts=&#8221;Nunito Sans&#8221;]<\/p>\n<p><span style=\"font-family: Nunito Sans;\">En Wayra, producimos textiles para el hogar y prendas de vestir. Hacemos la investigaci\u00f3n de productos con el cliente, o con sus especificaciones, para lograr un resultado de primera calidad. Nos encargamos de tramitar el certificado de origen y de empacar el producto de acuerdo a los requerimientos de nuestros clientes. Tenemos un \u00e1rea de exportaciones que verifica la calidad de cada uno de nuestros productos y que est\u00e9n de acuerdo con las especificaciones de cada pedido de compra.<\/span><\/p>\n<p><span style=\"font-family: Nunito Sans;\">En Wayra, revisamos de manera personal e individualizada la mercader\u00eda y el producto antes del proceso de producci\u00f3n, durante la fabricaci\u00f3n y despu\u00e9s de que la mercader\u00eda deja nuestros talleres.<\/span><\/p>\n<p><span style=\"font-family: Nunito Sans;\">En Wayra ofrecemos los siguientes servicios:<\/span><\/p>\n<ul>\n<li><span style=\"font-family: Nunito Sans;\">Investigaci\u00f3n y desarrollo de productos<\/span><\/li>\n<li><span style=\"font-family: Nunito Sans;\">Producci\u00f3n<\/span><\/li>\n<li><span style=\"font-family: Nunito Sans;\">Control de calidad<\/span><\/li>\n<li><span style=\"font-family: Nunito Sans;\">Documentaci\u00f3n de exportaci\u00f3n y consolidaci\u00f3n de env\u00edo<\/span><\/li>\n<li><span style=\"font-family: Nunito Sans;\">Embalaje, adornos y pruebas<\/span><\/li>\n<\/ul>\n<p><span style=\"font-family: Nunito Sans;\">En suma, Wayra es un socio estrat\u00e9gico para los artesanos y para sus clientes por igual.<\/span><\/p>\n<p>[\/et_pb_text][\/et_pb_column][et_pb_column type=&#8221;1_2&#8243; _builder_version=&#8221;3.25&#8243; custom_padding=&#8221;|||&#8221; custom_padding__hover=&#8221;|||&#8221;][\/et_pb_column][\/et_pb_row][\/et_pb_section][et_pb_section fb_built=&#8221;1&#8243; _builder_version=&#8221;3.22&#8243; custom_padding=&#8221;0|0px|0|0px&#8221;][\/et_pb_section][et_pb_section fb_built=&#8221;1&#8243; admin_label=&#8221;Our Story Section&#8221; _builder_version=&#8221;3.22&#8243; custom_padding=&#8221;48px||0|&#8221;][et_pb_row admin_label=&#8221;Our Story Area&#8221; _builder_version=&#8221;3.25&#8243; custom_padding=&#8221;25.5938px|0px|30px|0px&#8221;][et_pb_column type=&#8221;4_4&#8243; _builder_version=&#8221;3.25&#8243; custom_padding=&#8221;|||&#8221; custom_padding__hover=&#8221;|||&#8221;][et_pb_text _builder_version=&#8221;3.27.4&#8243; text_font=&#8221;||||||||&#8221; text_font_size=&#8221;16px&#8221; text_line_height=&#8221;1.8em&#8221; animation_direction=&#8221;left&#8221; inline_fonts=&#8221;Nunito Sans&#8221;]<\/p>\n<blockquote>\n<p><span style=\"font-family: Nunito Sans; font-size: 16px;\">Wayra es donde paso la mayor parte de mi d\u00eda, y me encanta saber que el trabajo que hacemos cubre una necesidad del cliente, y una satisfacci\u00f3n social, ambiental y hasta cultural. El cliente lo reconoce agradecido, y se le ve feliz cuando recibe sus muestras. Es lindo ser parte de eso.<\/span><\/p>\n<p><span style=\"font-family: Nunito Sans;\"><b>Gaby<\/b>, es parte del equipo de ventas desde 2009<\/span><\/p>\n<\/blockquote>\n<p>[\/et_pb_text][\/et_pb_column][\/et_pb_row][\/et_pb_section]<\/p>\n","protected":false},"excerpt":{"rendered":"<p>[et_pb_section fb_built=&#8221;1&#8243; fullwidth=&#8221;on&#8221; disabled_on=&#8221;off|off|off&#8221; admin_label=&#8221;ascasc&#8221; _builder_version=&#8221;3.22&#8243; animation_style=&#8221;slide&#8221; animation_direction=&#8221;top&#8221; animation_intensity_slide=&#8221;2%&#8221; animation_starting_opacity=&#8221;100%&#8221; hover_enabled=&#8221;0&#8243;][et_pb_fullwidth_header title=&#8221;Servicios&#8221; content_max_width=&#8221;800px&#8221; _builder_version=&#8221;3.16&#8243; title_level=&#8221;h2&#8243; title_font=&#8221;Nunito Sans|||on|||||&#8221; title_font_size=&#8221;52px&#8221; title_letter_spacing=&#8221;14px&#8221; title_line_height=&#8221;1.8em&#8221; content_font_size=&#8221;20px&#8221; content_line_height=&#8221;1.8em&#8221; background_color=&#8221;rgba(255, 255, 255, 0)&#8221; use_background_color_gradient=&#8221;on&#8221; background_color_gradient_start=&#8221;rgba(0,0,0,0.75)&#8221; background_color_gradient_end=&#8221;rgba(0,0,0,0)&#8221; background_color_gradient_direction=&#8221;90deg&#8221; background_color_gradient_overlays_image=&#8221;on&#8221; background_image=&#8221;https:\/\/www.wayraperu.com\/wp-content\/uploads\/2018\/03\/IMG_4458-2048.jpg&#8221; custom_button_one=&#8221;on&#8221; button_one_text_size=&#8221;18px&#8221; button_one_bg_color=&#8221;#02d002&#8243; button_one_border_width=&#8221;8px&#8221; button_one_border_color=&#8221;#02d002&#8243; button_one_border_radius=&#8221;0px&#8221; button_one_letter_spacing=&#8221;1px&#8221; button_one_font=&#8221;Lato|700|||||||&#8221; button_one_use_icon=&#8221;off&#8221; custom_button_two=&#8221;on&#8221; button_two_text_size=&#8221;18px&#8221; button_two_text_color=&#8221;#353740&#8243; button_two_bg_color=&#8221;#ffffff&#8221; button_two_border_width=&#8221;8px&#8221; button_two_border_color=&#8221;#ffffff&#8221; button_two_border_radius=&#8221;0px&#8221; button_two_letter_spacing=&#8221;1px&#8221; button_two_font=&#8221;Lato|700|||||||&#8221; button_two_use_icon=&#8221;off&#8221; custom_margin=&#8221;|||&#8221; custom_padding=&#8221;8%||8%|&#8221; button_one_letter_spacing_hover=&#8221;1px&#8221; button_two_letter_spacing_hover=&#8221;1px&#8221; [&hellip;]<\/p>\n","protected":false},"author":1,"featured_media":0,"parent":221,"menu_order":5,"comment_status":"closed","ping_status":"closed","template":"","meta":{"_et_pb_use_builder":"on","_et_pb_old_content":"","_et_gb_content_width":"","jetpack_post_was_ever_published":false},"jetpack_sharing_enabled":true,"jetpack_shortlink":"https:\/\/wp.me\/P9FWlY-44","_links":{"self":[{"href":"https:\/\/www.wayraperu.com\/es\/wp-json\/wp\/v2\/pages\/252"}],"collection":[{"href":"https:\/\/www.wayraperu.com\/es\/wp-json\/wp\/v2\/pages"}],"about":[{"href":"https:\/\/www.wayraperu.com\/es\/wp-json\/wp\/v2\/types\/page"}],"author":[{"embeddable":true,"href":"https:\/\/www.wayraperu.com\/es\/wp-json\/wp\/v2\/users\/1"}],"replies":[{"embeddable":true,"href":"https:\/\/www.wayraperu.com\/es\/wp-json\/wp\/v2\/comments?post=252"}],"version-history":[{"count":27,"href":"https:\/\/www.wayraperu.com\/es\/wp-json\/wp\/v2\/pages\/252\/revisions"}],"predecessor-version":[{"id":2115,"href":"https:\/\/www.wayraperu.com\/es\/wp-json\/wp\/v2\/pages\/252\/revisions\/2115"}],"up":[{"embeddable":true,"href":"https:\/\/www.wayraperu.com\/es\/wp-json\/wp\/v2\/pages\/221"}],"wp:attachment":[{"href":"https:\/\/www.wayraperu.com\/es\/wp-json\/wp\/v2\/media?parent=252"}],"curies":[{"name":"wp","href":"https:\/\/api.w.org\/{rel}","templated":true}]}}