{"id":254,"date":"2018-03-20T23:19:52","date_gmt":"2018-03-20T23:19:52","guid":{"rendered":"https:\/\/www.wayraperu.com\/?page_id=254"},"modified":"2021-08-03T05:16:12","modified_gmt":"2021-08-03T05:16:12","slug":"sobre-la-fibra-de-alpaca","status":"publish","type":"page","link":"https:\/\/www.wayraperu.com\/es\/es-2\/sobre-la-fibra-de-alpaca\/","title":{"rendered":"Sobre la fibra de alpaca"},"content":{"rendered":"\n[et_pb_section fb_built=&#8221;1&#8243; fullwidth=&#8221;on&#8221; _builder_version=&#8221;3.0.105&#8243; animation_style=&#8221;slide&#8221; animation_direction=&#8221;top&#8221; animation_intensity_slide=&#8221;2%&#8221; animation_starting_opacity=&#8221;100%&#8221;][et_pb_fullwidth_header title=&#8221;La fibra de alpaca&#8221; content_max_width=&#8221;800px&#8221; _builder_version=&#8221;3.3.1&#8243; title_level=&#8221;h2&#8243; title_font=&#8221;Nunito Sans|||on|||||&#8221; title_font_size=&#8221;52px&#8221; title_line_height=&#8221;1.8em&#8221; content_font_size=&#8221;20px&#8221; content_line_height=&#8221;1.8em&#8221; background_color=&#8221;rgba(255, 255, 255, 0)&#8221; use_background_color_gradient=&#8221;on&#8221; background_color_gradient_start=&#8221;rgba(0,0,0,0.75)&#8221; background_color_gradient_end=&#8221;rgba(0,0,0,0)&#8221; background_color_gradient_direction=&#8221;90deg&#8221; background_color_gradient_overlays_image=&#8221;on&#8221; background_image=&#8221;https:\/\/www.wayraperu.com\/wp-content\/uploads\/2018\/04\/IMG_1095-rotada.jpg&#8221; custom_button_two=&#8221;on&#8221; button_two_text_size=&#8221;18px&#8221; button_two_text_color=&#8221;#353740&#8243; button_two_bg_color=&#8221;#ffffff&#8221; button_two_border_width=&#8221;8px&#8221; button_two_border_color=&#8221;#ffffff&#8221; button_two_border_radius=&#8221;0px&#8221; button_two_letter_spacing=&#8221;1px&#8221; button_two_font=&#8221;Lato|700|||||||&#8221; button_two_use_icon=&#8221;off&#8221; button_two_letter_spacing_hover=&#8221;1px&#8221; custom_button_one=&#8221;on&#8221; button_one_text_size=&#8221;18px&#8221; button_one_bg_color=&#8221;#02d002&#8243; button_one_border_width=&#8221;8px&#8221; button_one_border_color=&#8221;#02d002&#8243; button_one_border_radius=&#8221;0px&#8221; button_one_letter_spacing=&#8221;1px&#8221; button_one_font=&#8221;Lato|700|||||||&#8221; button_one_use_icon=&#8221;off&#8221; button_one_letter_spacing_hover=&#8221;1px&#8221; custom_margin=&#8221;|||&#8221; custom_padding=&#8221;8%||8%|&#8221; locked=&#8221;off&#8221; title_letter_spacing=&#8221;15px&#8221; title_text_align=&#8221;left&#8221;][\/et_pb_fullwidth_header][\/et_pb_section][et_pb_section fb_built=&#8221;1&#8243; admin_label=&#8221;Our Story Section&#8221; _builder_version=&#8221;3.0.83&#8243; custom_padding=&#8221;100px||0|&#8221;][et_pb_row custom_padding=&#8221;25.5938px|0px|30px|0px&#8221; admin_label=&#8221;Our Story Area&#8221; _builder_version=&#8221;3.0.83&#8243;][et_pb_column type=&#8221;1_2&#8243; _builder_version=&#8221;3.0.47&#8243; parallax=&#8221;off&#8221; parallax_method=&#8221;on&#8221;][et_pb_image src=&#8221;https:\/\/www.wayraperu.com\/wp-content\/uploads\/2018\/04\/IMG_1075-e1524761310325.jpg&#8221; _builder_version=&#8221;3.0.106&#8243;][\/et_pb_image][\/et_pb_column][et_pb_column type=&#8221;1_2&#8243; _builder_version=&#8221;3.0.47&#8243; parallax=&#8221;off&#8221; parallax_method=&#8221;on&#8221;][et_pb_text admin_label=&#8221;Title&#8221; _builder_version=&#8221;3.3.1&#8243; text_font=&#8221;Nunito Sans|||on|||||&#8221; header_font=&#8221;Nunito Sans|700|||||||&#8221; header_2_font=&#8221;Lato||||||||&#8221; header_2_font_size=&#8221;36px&#8221; header_2_line_height=&#8221;1.5em&#8221; module_alignment=&#8221;center&#8221; custom_margin=&#8221;||15px|&#8221; custom_padding=&#8221;|||&#8221; animation_direction=&#8221;left&#8221; inline_fonts=&#8221;Roboto&#8221; text_letter_spacing=&#8221;14px&#8221;]<h2><span style=\"color: #66574c;\"><strong><span style=\"font-family: Roboto;\">La s\u00faper fibra<\/span><\/strong><\/span><\/h2>[\/et_pb_text][et_pb_text _builder_version=&#8221;3.0.85&#8243; text_font=&#8221;||||||||&#8221; text_font_size=&#8221;16px&#8221; text_line_height=&#8221;1.8em&#8221; animation_direction=&#8221;left&#8221; inline_fonts=&#8221;Nunito Sans&#8221;]<p><span style=\"font-family: Nunito Sans;\">La fibra de 100% alpaca es muy escasa y extremadamente fina. Es m\u00e1s fuerte que la fibra de cabra de Angora, m\u00e1s delgada y suave que la lana de cachemira, m\u00e1s lisa que la seda, m\u00e1s suave que el algod\u00f3n, m\u00e1s c\u00e1lida que la pluma de ganso o que fibras sint\u00e9ticas como el goretex.<\/span><\/p>\n<p><span style=\"font-family: Nunito Sans;\">Como si esto fuera poco, es hipoalerg\u00e9nica y no contiene lanolina. La mayor\u00eda de personas sensibles a la lana pueden usar prendas de alpaca sin sentir comez\u00f3n ni la irritaci\u00f3n que sienten cuando usan lana porque la fibra de alpaca es suave.<\/span><\/p>\n<p><span style=\"font-family: Nunito Sans;\">Por sus caracter\u00edsticas es casi indestructible, tal como lo demuestra el estado de conservaci\u00f3n de prendas preincaicas que tienen m\u00e1s de 2500 a\u00f1os de antig\u00fcedad. \u00a1Piensa en cu\u00e1nto te durar\u00e1 esa prenda que acabas de comprar!<\/span><\/p>\n<p><span style=\"font-family: Nunito Sans;\">Adem\u00e1s, para los viajeros, las prendas hechas de alpaca son ideales porque no se arrugan.<\/span><\/p>\n<p><span style=\"font-family: Nunito Sans;\">Viene en 22 colores naturales y se puede te\u00f1ir con cualquier matiz que se desees.<\/span><\/p>\n<p><span style=\"font-family: Nunito Sans;\">M\u00e1s que una fibra, la lana de alpaca es una s\u00faper fibra. Con una prenda de alpaca estar\u00e1s c\u00f3modo y abrigado, y adem\u00e1s lucir\u00e1s una prenda con que acompa\u00f1a nuestra historia desde tiempos inmemoriales.<\/span><\/p>\n<p><span style=\"color: #66574c;\">\u00a0<\/span><\/p>[\/et_pb_text][\/et_pb_column][\/et_pb_row][\/et_pb_section][et_pb_section fb_built=&#8221;1&#8243; admin_label=&#8221;Our Story Section&#8221; _builder_version=&#8221;3.0.83&#8243; custom_padding=&#8221;0||0|&#8221;][et_pb_row custom_padding=&#8221;25.5938px|0px|30px|0px&#8221; admin_label=&#8221;Our Story Area&#8221; _builder_version=&#8221;3.0.83&#8243;][et_pb_column type=&#8221;1_2&#8243; _builder_version=&#8221;3.0.47&#8243; parallax=&#8221;off&#8221; parallax_method=&#8221;on&#8221;][et_pb_text admin_label=&#8221;Title&#8221; _builder_version=&#8221;3.3.1&#8243; text_font=&#8221;Nunito Sans|||on|||||&#8221; header_font=&#8221;Roboto|700|on|||on|||&#8221; header_2_font=&#8221;Lato||||||||&#8221; header_2_font_size=&#8221;36px&#8221; header_2_line_height=&#8221;1.5em&#8221; module_alignment=&#8221;center&#8221; custom_margin=&#8221;||15px|&#8221; custom_padding=&#8221;|||&#8221; animation_direction=&#8221;left&#8221; inline_fonts=&#8221;Roboto&#8221; text_letter_spacing=&#8221;14px&#8221; text_line_height=&#8221;1.8em&#8221;]<h2><span style=\"color: #66574c;\"><strong><span style=\"font-family: Roboto;\">Cam\u00e9lidos andinos<\/span><\/strong><\/span><\/h2>\r[\/et_pb_text][et_pb_text _builder_version=&#8221;3.0.85&#8243; text_font=&#8221;||||||||&#8221; text_font_size=&#8221;16px&#8221; text_line_height=&#8221;1.8em&#8221; animation_direction=&#8221;left&#8221; inline_fonts=&#8221;Nunito Sans&#8221;]<p><span style=\"color: #66574c; font-family: Nunito Sans; font-weight: normal;\">El Per\u00fa alberga casi el 80\u2009% de la poblaci\u00f3n mundial de este cam\u00e9lido, domesticado desde hace miles de a\u00f1os. La imagen de la alpaca est\u00e1 muy vinculada a las pr\u00e1cticas culturales andinas. Los antiguos peruanos la consideraban un regalo de la Pachamama, la Madre Tierra. Las usaban para su supervivencia, se alimentaban de su carne, se cubr\u00edan con su fibra para aguantar las fr\u00edas temperaturas de las zonas altas de los Andes.<\/span><\/p>\n<p><span style=\"color: #66574c; font-family: Nunito Sans; font-weight: normal;\">Esa misma lana, que visti\u00f3 a los constructores y creadores del patrimonio que hasta ahora admiramos y que nos hace sentir orgullosos, se lucir\u00e1 en exclusivos dise\u00f1os personalizados de lana, que llegar\u00e1n a tus manos tras un estricto proceso de supervisi\u00f3n que garantiza su \u00f3ptima calidad.<\/span><\/p>\n<p>&nbsp;<\/p>[\/et_pb_text][\/et_pb_column][et_pb_column type=&#8221;1_2&#8243; _builder_version=&#8221;3.0.47&#8243; parallax=&#8221;off&#8221; parallax_method=&#8221;on&#8221;][et_pb_image src=&#8221;https:\/\/www.wayraperu.com\/wp-content\/uploads\/2018\/03\/peter-hershey-180768.jpg&#8221; _builder_version=&#8221;3.0.105&#8243;][\/et_pb_image][et_pb_code _builder_version=&#8221;3.0.106&#8243;]&lt;a style=&quot;background-color:black;color:white;text-decoration:none;padding:4px 6px;font-family:-apple-system, BlinkMacSystemFont, &quot;San Francisco&quot;, &quot;Helvetica Neue&quot;, Helvetica, Ubuntu, Roboto, Noto, &quot;Segoe UI&quot;, Arial, sans-serif;font-size:12px;font-weight:bold;line-height:1.2;display:inline-block;border-radius:3px;&quot; href=&quot;https:\/\/unsplash.com\/@peterhershey?utm_medium=referral&amp;utm_campaign=photographer-credit&amp;utm_content=creditBadge&quot; target=&quot;_blank&quot; rel=&quot;noopener noreferrer&quot; title=&quot;Download free do whatever you want high-resolution photos from Peter Hershey&quot;&gt;&lt;span style=&quot;display:inline-block;padding:2px 3px;&quot;&gt;&lt;svg xmlns=&quot;http:\/\/www.w3.org\/2000\/svg&quot; style=&quot;height:12px;width:auto;position:relative;vertical-align:middle;top:-1px;fill:white;&quot; viewBox=&quot;0 0 32 32&quot;&gt;&lt;title&gt;unsplash-logo&lt;\/title&gt;&lt;path d=&quot;M20.8 18.1c0 2.7-2.2 4.8-4.8 4.8s-4.8-2.1-4.8-4.8c0-2.7 2.2-4.8 4.8-4.8 2.7.1 4.8 2.2 4.8 4.8zm11.2-7.4v14.9c0 2.3-1.9 4.3-4.3 4.3h-23.4c-2.4 0-4.3-1.9-4.3-4.3v-15c0-2.3 1.9-4.3 4.3-4.3h3.7l.8-2.3c.4-1.1 1.7-2 2.9-2h8.6c1.2 0 2.5.9 2.9 2l.8 2.4h3.7c2.4 0 4.3 1.9 4.3 4.3zm-8.6 7.5c0-4.1-3.3-7.5-7.5-7.5-4.1 0-7.5 3.4-7.5 7.5s3.3 7.5 7.5 7.5c4.2-.1 7.5-3.4 7.5-7.5z&quot;&gt;&lt;\/path&gt;&lt;\/svg&gt;&lt;\/span&gt;&lt;span style=&quot;display:inline-block;padding:2px 3px;&quot;&gt;Peter Hershey&lt;\/span&gt;&lt;\/a&gt;[\/et_pb_code][\/et_pb_column][\/et_pb_row][\/et_pb_section][et_pb_section fb_built=&#8221;1&#8243; admin_label=&#8221;Our Mission Section&#8221; _builder_version=&#8221;3.0.83&#8243; background_color=&#8221;#f7f7f7&#8243; custom_padding=&#8221;100px||100px|&#8221;][et_pb_row admin_label=&#8221;Our Mission Area&#8221; _builder_version=&#8221;3.0.85&#8243;][et_pb_column type=&#8221;1_3&#8243; _builder_version=&#8221;3.0.47&#8243; parallax=&#8221;off&#8221; parallax_method=&#8221;on&#8221;][et_pb_text admin_label=&#8221;Title&#8221; _builder_version=&#8221;3.3.1&#8243; text_font=&#8221;Nunito Sans|||on|||||&#8221; header_font=&#8221;||||||||&#8221; header_2_font=&#8221;Lato||||||||&#8221; header_2_font_size=&#8221;36px&#8221; header_2_line_height=&#8221;1.5em&#8221; module_alignment=&#8221;center&#8221; custom_margin=&#8221;||15px|&#8221; custom_padding=&#8221;|||&#8221; animation_direction=&#8221;left&#8221; inline_fonts=&#8221;Roboto&#8221; text_letter_spacing=&#8221;14px&#8221; text_line_height=&#8221;1.8em&#8221;]<h2><span style=\"color: #66574c;\"><strong><span style=\"font-family: Roboto;\">La esquila<\/span><\/strong><\/span><\/h2>\r[\/et_pb_text][\/et_pb_column][et_pb_column type=&#8221;2_3&#8243; _builder_version=&#8221;3.0.47&#8243; parallax=&#8221;off&#8221; parallax_method=&#8221;on&#8221;][et_pb_text _builder_version=&#8221;3.0.83&#8243; text_font=&#8221;||||||||&#8221; text_font_size=&#8221;16px&#8221; text_line_height=&#8221;1.8em&#8221; animation_direction=&#8221;left&#8221; inline_fonts=&#8221;Nunito Sans&#8221;]<p><span style=\"color: #66574c;\"><span style=\"font-family: Nunito Sans;\">Para aprovechar su lana, las alpacas son sometidas a un proceso de esquila, donde se corta y separa todo el vello que la cubre. Se llama manto a la fibra que cubre el lomo y los flancos. Las bragas cubren el pecho, las extremidades y la cabeza. Es un proceso anual que se lleva a cabo entre octubre y noviembre, cuando las temperaturas son un poco m\u00e1s altas y el inicio de la temporada de lluvias propicia el pasto fresco. La esquila es un proceso fundamental, de esto depende la posibilidad de extraer fibras de distinta calidad<\/span>.<\/span><\/p>\n<p>&nbsp;<\/p>[\/et_pb_text][\/et_pb_column][\/et_pb_row][\/et_pb_section]\n","protected":false},"excerpt":{"rendered":"","protected":false},"author":1,"featured_media":0,"parent":221,"menu_order":6,"comment_status":"closed","ping_status":"closed","template":"","meta":{"_et_pb_use_builder":"on","_et_pb_old_content":"<p>El Per\u00fa alberga casi el 80\u2009% de la poblaci\u00f3n mundial de este cam\u00e9lido, domesticado desde hace miles de a\u00f1os. La imagen de la alpaca est\u00e1 muy vinculada a las pr\u00e1cticas culturales andinas. Los antiguos peruanos la consideraban un regalo de la Pachamama, la Madre Tierra. Las usaban para su supervivencia, se alimentaban de su carne, se cubr\u00edan con su fibra para aguantar las fr\u00edas temperaturas de las zonas altas de los Andes.<\/p><p>Para aprovechar su lana, las alpacas son sometidas a un proceso de esquila, donde se corta y separa todo el vello que la cubre. Se llama manto a la fibra que cubre el lomo y los flancos. Las bragas cubren el pecho, las extremidades y la cabeza. Es un proceso anual que se lleva a cabo entre octubre y noviembre, cuando las temperaturas son un poco m\u00e1s altas y el inicio de la temporada de lluvias propicia el pasto fresco. La esquila es un proceso fundamental, de esto depende la posibilidad de extraer fibras de distinta calidad.<\/p><p>Los antiguos peruanos consideraban a la alpaca como un regalo de los dioses, y con ese esp\u00edritu elaboramos nuestros productos. Las propiedades \u00fanicas de la alpaca nos permiten garantizar prendas de alta calidad. La fina calidad de la lana de esta especie netamente peruana le ha abierto las puertas del mundo.<\/p>","_et_gb_content_width":"","jetpack_post_was_ever_published":false},"jetpack_sharing_enabled":true,"jetpack_shortlink":"https:\/\/wp.me\/P9FWlY-46","_links":{"self":[{"href":"https:\/\/www.wayraperu.com\/es\/wp-json\/wp\/v2\/pages\/254"}],"collection":[{"href":"https:\/\/www.wayraperu.com\/es\/wp-json\/wp\/v2\/pages"}],"about":[{"href":"https:\/\/www.wayraperu.com\/es\/wp-json\/wp\/v2\/types\/page"}],"author":[{"embeddable":true,"href":"https:\/\/www.wayraperu.com\/es\/wp-json\/wp\/v2\/users\/1"}],"replies":[{"embeddable":true,"href":"https:\/\/www.wayraperu.com\/es\/wp-json\/wp\/v2\/comments?post=254"}],"version-history":[{"count":20,"href":"https:\/\/www.wayraperu.com\/es\/wp-json\/wp\/v2\/pages\/254\/revisions"}],"predecessor-version":[{"id":1528,"href":"https:\/\/www.wayraperu.com\/es\/wp-json\/wp\/v2\/pages\/254\/revisions\/1528"}],"up":[{"embeddable":true,"href":"https:\/\/www.wayraperu.com\/es\/wp-json\/wp\/v2\/pages\/221"}],"wp:attachment":[{"href":"https:\/\/www.wayraperu.com\/es\/wp-json\/wp\/v2\/media?parent=254"}],"curies":[{"name":"wp","href":"https:\/\/api.w.org\/{rel}","templated":true}]}}