{"id":519,"date":"2018-04-06T16:44:42","date_gmt":"2018-04-06T16:44:42","guid":{"rendered":"https:\/\/www.wayraperu.com\/?page_id=519"},"modified":"2021-06-10T17:15:34","modified_gmt":"2021-06-10T17:15:34","slug":"contactenos","status":"publish","type":"page","link":"https:\/\/www.wayraperu.com\/es\/es-2\/contactenos\/","title":{"rendered":"Cont\u00e1ctanos"},"content":{"rendered":"<p>[et_pb_section fb_built=&#8221;1&#8243; _builder_version=&#8221;3.0.47&#8243;][et_pb_row _builder_version=&#8221;3.0.47&#8243; background_size=&#8221;initial&#8221; background_position=&#8221;top_left&#8221; background_repeat=&#8221;repeat&#8221;][et_pb_column type=&#8221;2_3&#8243; _builder_version=&#8221;3.0.106&#8243; parallax=&#8221;off&#8221; parallax_method=&#8221;on&#8221;][et_pb_text _builder_version=&#8221;3.0.106&#8243;]<\/p>\n<h1>Cont\u00e1ctanos<\/h1>\n<p>[\/et_pb_text][et_pb_text _builder_version=&#8221;3.0.106&#8243;]<\/p>\n<p>Para informaci\u00f3n m\u00e1s detallada, cont\u00e1ctanos a la siguiente direcci\u00f3n<\/p>\n<p><span><strong>Andes Textiles Per\u00fa SAC<\/strong><br \/> Av. Roosevelt 6442 Miraflores<br \/> <\/span><span>Lima 15047<br \/> Per\u00fa<\/span><\/p>\n<p><span>Tel\u00e9fono: (+511) 637-1627<br \/> <a href=\"mailTo:wayra@wayraperu.com\">wayra@wayraperu.com<\/a><\/span><\/p>\n<p>[\/et_pb_text][\/et_pb_column][et_pb_column type=&#8221;1_3&#8243; _builder_version=&#8221;3.0.106&#8243; parallax=&#8221;off&#8221; parallax_method=&#8221;on&#8221;][\/et_pb_column][\/et_pb_row][\/et_pb_section]<\/p>\n","protected":false},"excerpt":{"rendered":"<p>[et_pb_section fb_built=&#8221;1&#8243; _builder_version=&#8221;3.0.47&#8243;][et_pb_row _builder_version=&#8221;3.0.47&#8243; background_size=&#8221;initial&#8221; background_position=&#8221;top_left&#8221; background_repeat=&#8221;repeat&#8221;][et_pb_column type=&#8221;2_3&#8243; _builder_version=&#8221;3.0.106&#8243; parallax=&#8221;off&#8221; parallax_method=&#8221;on&#8221;][et_pb_text _builder_version=&#8221;3.0.106&#8243;] Cont\u00e1ctanos [\/et_pb_text][et_pb_text _builder_version=&#8221;3.0.106&#8243;] Para informaci\u00f3n m\u00e1s detallada, cont\u00e1ctanos a la siguiente direcci\u00f3n Andes Textiles Per\u00fa SAC Av. Roosevelt 6442 Miraflores Lima 15047 Per\u00fa Tel\u00e9fono: (+511) 637-1627 wayra@wayraperu.com [\/et_pb_text][\/et_pb_column][et_pb_column type=&#8221;1_3&#8243; _builder_version=&#8221;3.0.106&#8243; parallax=&#8221;off&#8221; parallax_method=&#8221;on&#8221;][\/et_pb_column][\/et_pb_row][\/et_pb_section]<\/p>\n","protected":false},"author":1,"featured_media":0,"parent":221,"menu_order":7,"comment_status":"closed","ping_status":"closed","template":"","meta":{"_et_pb_use_builder":"on","_et_pb_old_content":"","_et_gb_content_width":"","jetpack_post_was_ever_published":false},"jetpack_sharing_enabled":true,"jetpack_shortlink":"https:\/\/wp.me\/P9FWlY-8n","_links":{"self":[{"href":"https:\/\/www.wayraperu.com\/es\/wp-json\/wp\/v2\/pages\/519"}],"collection":[{"href":"https:\/\/www.wayraperu.com\/es\/wp-json\/wp\/v2\/pages"}],"about":[{"href":"https:\/\/www.wayraperu.com\/es\/wp-json\/wp\/v2\/types\/page"}],"author":[{"embeddable":true,"href":"https:\/\/www.wayraperu.com\/es\/wp-json\/wp\/v2\/users\/1"}],"replies":[{"embeddable":true,"href":"https:\/\/www.wayraperu.com\/es\/wp-json\/wp\/v2\/comments?post=519"}],"version-history":[{"count":6,"href":"https:\/\/www.wayraperu.com\/es\/wp-json\/wp\/v2\/pages\/519\/revisions"}],"predecessor-version":[{"id":1497,"href":"https:\/\/www.wayraperu.com\/es\/wp-json\/wp\/v2\/pages\/519\/revisions\/1497"}],"up":[{"embeddable":true,"href":"https:\/\/www.wayraperu.com\/es\/wp-json\/wp\/v2\/pages\/221"}],"wp:attachment":[{"href":"https:\/\/www.wayraperu.com\/es\/wp-json\/wp\/v2\/media?parent=519"}],"curies":[{"name":"wp","href":"https:\/\/api.w.org\/{rel}","templated":true}]}}